{"id":44,"date":"2024-03-04T09:55:22","date_gmt":"2024-03-04T09:55:22","guid":{"rendered":"http:\/\/193.194.89.189\/lins_wp\/?page_id=44"},"modified":"2025-01-26T12:03:26","modified_gmt":"2025-01-26T12:03:26","slug":"equipe-energies-renouvelables-et-efficacite-energetique-eeree","status":"publish","type":"page","link":"https:\/\/lins.usthb.dz\/index.php\/equipe-energies-renouvelables-et-efficacite-energetique-eeree\/","title":{"rendered":"\u00c9quipe \u00c9nergies Renouvelables et Efficacit\u00e9 \u00c9nerg\u00e9tique (EEREE)"},"content":{"rendered":"\n<h1><\/h1>\n\n\n\n<p><strong>RESPONSABLE DE L\u2019EQUIPE EEREE<\/strong><\/p>\n\n\n\n<p><a href=\"http:\/\/193.194.89.126\/lins\/spip.php?article29\"><strong>TALHA Abdelaziz<\/strong><\/a><\/p>\n\n\n\n<p>Professeur en G\u00e9nie Electrique&nbsp;<\/p>\n\n\n\n<p><strong>&nbsp;EQUIPE EEREE&nbsp;: <\/strong>Energies Renouvelables et Efficacit\u00e9 Energ\u00e9tique<\/p>\n\n\n\n<p>L\u2019\u00e9quipe EEREE (Energies Renouvelables et Efficacit\u00e9 Energ\u00e9tique) active dans des th\u00e9matiques strat\u00e9giques pour le pays. Il s\u2019agit de la ma\u00eetrise d\u2019un savoir faire dans les installations et la gestion de la production des \u00e9nergies renouvelables, secteur en plein essor dans le monde entier. L\u2019\u00e9quipe s\u2019int\u00e9resse \u00e9galement \u00e0 la formation de sp\u00e9cialistes dans le domaine des \u00e9nergies renouvelables au profit de l\u2019universit\u00e9 et de l\u2019industrie.&nbsp;<\/p>\n\n\n\n<p><strong>&nbsp;THEMES DE RECHERCHES<\/strong><\/p>\n\n\n\n<p>&#8211;&nbsp;Acquisition, \u00e9tude et traitement des donn\u00e9es m\u00e9t\u00e9orologiques,<\/p>\n\n\n\n<p>&#8211;&nbsp;Acquisition et monitorage des donn\u00e9es des syst\u00e8mes PV,<\/p>\n\n\n\n<p>&#8211;&nbsp;Mod\u00e9lisation et pr\u00e9diction du rayonnement solaire et technique de poursuite du MPPT,<\/p>\n\n\n\n<p>&#8211;&nbsp;Mod\u00e9lisation, commande et r\u00e9alisation de convertisseurs statiques,<\/p>\n\n\n\n<p>&#8211;&nbsp;Etude et mod\u00e9lisation de syst\u00e8mes de stockage,<\/p>\n\n\n\n<p>&#8211;&nbsp;Dimensionnement et \u00e9tude de performances des syst\u00e8mes de conversion d\u2019\u00e9nergie renouvelable,<\/p>\n\n\n\n<p>&#8211;&nbsp;Etude des syst\u00e8mes hybrides (PV\/DIESEL\/Eolien),<\/p>\n\n\n\n<p>&#8211;&nbsp;Etude \u00e9conomique des installations \u00e0 base d\u2019\u00e9nergie renouvelable,<\/p>\n\n\n\n<p>&#8211;&nbsp;Mod\u00e9lisation du syst\u00e8me \u00e9olien (Turbine, Machine Asynchrone, Charge),<\/p>\n\n\n\n<p>&#8211;&nbsp;Evaluation de la performance et optimisation des syst\u00e8mes de conversion,<\/p>\n\n\n\n<p>&#8211;&nbsp;Etude d\u2019installation d\u2019un prototype de production hybride,<\/p>\n\n\n\n<p>&#8211;&nbsp;T\u00e9l\u00e9surveillance et t\u00e9l\u00e9traitement des installations solaires PV.<\/p>\n\n\n\n<p><strong>&nbsp;COMPOSITION DE L\u2019EQUIPE EEREE<\/strong><\/p>\n\n\n\n<figure class=\"wp-block-table\"><table><tbody><tr><td><strong>Membres Permanents<\/strong><\/td><td><strong>Membres Doctorants<\/strong><\/td><\/tr><tr><td><strong>&nbsp;TALHA Abdelaziz<\/strong><\/td><td>Prof.<\/td><td>&nbsp;KABOUCHE Radia (Magister)<\/td><td>&nbsp;BENMERABET Mohamed Salim (Master)<\/td><\/tr><tr><td><strong>&nbsp;BOUCHAFAA Farid<\/strong><\/td><td>Prof.<\/td><td>&nbsp;KHELIF Amar (Magister)<\/td><td>&nbsp;BARKAT Khadija (Master)<\/td><\/tr><tr><td><strong>&nbsp;BOUKHELIFA Akkila<\/strong><\/td><td>MCA<\/td><td>&nbsp;GUICHI Omar (Magister)<\/td><td>&nbsp;DEROUICHE Imane (Master)<\/td><\/tr><tr><td><strong>&nbsp;MESSA\u00cfF Iqbal&nbsp;<\/strong><\/td><td>MCA<\/td><td>&nbsp;HAMZAOUI Ihssene (Magister)<\/td><td>&nbsp;AOUNE ALLAH (Master)<\/td><\/tr><tr><td><strong>&nbsp;HARROUNI Samia<\/strong><\/td><td>MCA<\/td><td>&nbsp;BOULAAM Karima (Magister)<\/td><td>&nbsp;ALI Mounira (Master)<\/td><\/tr><tr><td><strong>&nbsp;BERIBER Dalila<\/strong><\/td><td>MCA<\/td><td>&nbsp;ZAOUCHE Khelil (Magister)<\/td><td>&nbsp;DEGLA Aicha (Master)<\/td><\/tr><tr><td><\/td><td><\/td><td>&nbsp;BOUMAARAF Houria (Magister)<\/td><td><\/td><\/tr><tr><td><\/td><td><\/td><td>&nbsp;HADJ AMMAR Sid Ali (Magister)<\/td><td><\/td><\/tr><tr><td><\/td><td><\/td><td>&nbsp;MERDAOUI Ziad (Magister)<\/td><td><\/td><\/tr><tr><td><\/td><td><\/td><td>&nbsp;NADOUR Mohamed (Magister)<\/td><td><\/td><\/tr><tr><td><\/td><td><\/td><td>&nbsp;BOUKHALFA Saida (Magister)<\/td><td><\/td><\/tr><\/tbody><\/table><\/figure>\n\n\n\n<ul>\n<li><strong><a href=\"http:\/\/193.194.89.126\/lins\/spip.php?article29\">Abdelaziz TALHA<\/a><\/strong><br><small>18 avril 2010, par Mr.&nbsp;Atari<\/small> USTHB&nbsp;: Faculty of Electronics and Computers BO.Box&nbsp;: 32, Bab-Ezzouar, 16111, Algiers, Algeria. Email&nbsp;: abtalha@gmail.com BIOGRAPHIE Francais&nbsp;: Abdelaziz Talha est n\u00e9 en 1963 \u00e0 Alger, Alg\u00e9rie. Il obtient le Dipl\u00f4me d\u2019Ing\u00e9nieur en Electrotechnique puis le Magister en Instrumentation et G\u00e9nie des Syst\u00e8mes respectivement en 1988 et 1999 de l\u2019USTHB. Apr\u00e8s quatre ann\u00e9es de recherche consacr\u00e9es \u00e0 la mod\u00e9lisation de structures multiniveaux de convertisseurs d\u2019\u00e9nergie appliqu\u00e9es \u00e0 des machines synchrones&nbsp;(&#8230;)<\/li>\n<\/ul>\n","protected":false},"excerpt":{"rendered":"<p>RESPONSABLE DE L\u2019EQUIPE EEREE TALHA Abdelaziz Professeur en G\u00e9nie Electrique&nbsp; &nbsp;EQUIPE EEREE&nbsp;: Energies Renouvelables et Efficacit\u00e9 Energ\u00e9tique L\u2019\u00e9quipe EEREE (Energies Renouvelables et Efficacit\u00e9 Energ\u00e9tique) active dans des th\u00e9matiques strat\u00e9giques pour le pays. Il s\u2019agit de la ma\u00eetrise d\u2019un savoir faire <span class=\"readmore\"><a href=\"https:\/\/lins.usthb.dz\/index.php\/equipe-energies-renouvelables-et-efficacite-energetique-eeree\/\">Continue Reading<\/a><\/span><\/p>\n","protected":false},"author":1,"featured_media":103,"parent":0,"menu_order":0,"comment_status":"closed","ping_status":"closed","template":"","meta":[],"_links":{"self":[{"href":"https:\/\/lins.usthb.dz\/index.php\/wp-json\/wp\/v2\/pages\/44"}],"collection":[{"href":"https:\/\/lins.usthb.dz\/index.php\/wp-json\/wp\/v2\/pages"}],"about":[{"href":"https:\/\/lins.usthb.dz\/index.php\/wp-json\/wp\/v2\/types\/page"}],"author":[{"embeddable":true,"href":"https:\/\/lins.usthb.dz\/index.php\/wp-json\/wp\/v2\/users\/1"}],"replies":[{"embeddable":true,"href":"https:\/\/lins.usthb.dz\/index.php\/wp-json\/wp\/v2\/comments?post=44"}],"version-history":[{"count":2,"href":"https:\/\/lins.usthb.dz\/index.php\/wp-json\/wp\/v2\/pages\/44\/revisions"}],"predecessor-version":[{"id":115,"href":"https:\/\/lins.usthb.dz\/index.php\/wp-json\/wp\/v2\/pages\/44\/revisions\/115"}],"wp:featuredmedia":[{"embeddable":true,"href":"https:\/\/lins.usthb.dz\/index.php\/wp-json\/wp\/v2\/media\/103"}],"wp:attachment":[{"href":"https:\/\/lins.usthb.dz\/index.php\/wp-json\/wp\/v2\/media?parent=44"}],"curies":[{"name":"wp","href":"https:\/\/api.w.org\/{rel}","templated":true}]}}