{"id":40,"date":"2024-03-04T09:52:44","date_gmt":"2024-03-04T09:52:44","guid":{"rendered":"http:\/\/193.194.89.189\/lins_wp\/?page_id=40"},"modified":"2025-01-26T12:05:54","modified_gmt":"2025-01-26T12:05:54","slug":"equipe-biomecanique-dispositifs-a-semiconducteurs-et-didactique","status":"publish","type":"page","link":"https:\/\/lins.usthb.dz\/index.php\/equipe-biomecanique-dispositifs-a-semiconducteurs-et-didactique\/","title":{"rendered":"\u00c9quipe Biom\u00e9canique, Dispositifs \u00e0 Semiconducteurs et Didactique"},"content":{"rendered":"\n<p><strong>&nbsp;RESPONSABLE DE L\u2019EQUIPE <\/strong>BDSD<\/p>\n\n\n\n<p><a href=\"http:\/\/193.194.89.126\/lins\/spip.php?article27\"><strong>ABABOU Amina<\/strong><\/a><\/p>\n\n\n\n<p>Professeur en Physique&nbsp;<\/p>\n\n\n\n<p><strong>&nbsp;EQUIPE <\/strong>BDSD<strong>&nbsp;: <\/strong>Biom\u00e9canique, Dispositifs \u00e0 Semiconducteurs et Didactique<\/p>\n\n\n\n<p>L\u2019\u00e9quipe BDSD (Biom\u00e9canique, Dispositifs \u00e0 Semiconducteurs et Didactique) active principalement dans les techniques de la biom\u00e9canique li\u00e9es au sport de haut niveau de comp\u00e9tition et parall\u00e8lement aux applications didactiques de la physique. Aussi, l\u2019\u00e9quipe s\u2019int\u00e9resse \u00e0 des activit\u00e9s biom\u00e9dicales li\u00e9es \u00e0 la biom\u00e9canique et plus particuli\u00e8rement le d\u00e9veloppement d\u2019outils d\u2019aide \u00e0 la r\u00e9\u00e9ducation fonctionnelle, \u00e0 l\u2019\u00e9tude biom\u00e9canique du geste sportif et la mod\u00e9lisation du geste locomoteur humain. Par ailleurs, l\u2019\u00e9quipe \u0153uvre au d\u00e9veloppement de capteurs \u00e0 base de silicium poreux et au d\u00e9veloppement de bancs de mesure didactiques.&nbsp;<\/p>\n\n\n\n<p><strong>&nbsp;THEMES DE RECHERCHES<\/strong><\/p>\n\n\n\n<p>&#8211;&nbsp;D\u00e9veloppement&nbsp;d\u2019outils d\u2019aide \u00e0 la r\u00e9\u00e9ducation fonctionnelle,<\/p>\n\n\n\n<p>&#8211;&nbsp;Mesures et mod\u00e9lisation biom\u00e9caniques de la performance sportive,<\/p>\n\n\n\n<p>&#8211;&nbsp;Ma\u00eetrise des param\u00e8tres technologiques pour la r\u00e9alisation de capteurs \u00e0 base de silicium poreux,<\/p>\n\n\n\n<p>&#8211;&nbsp;Mesures \u00e9lectriques sur des liquides diphasiques,<\/p>\n\n\n\n<p>&#8211;&nbsp;R\u00e9alisation de bancs de mesure didactiques.<\/p>\n\n\n\n<p><strong>&nbsp;COMPOSITION DE L\u2019EQUIPE <\/strong>BDSD<\/p>\n\n\n\n<figure class=\"wp-block-table\"><table><tbody><tr><td><strong>Membres Permanents<\/strong><\/td><td><strong>Membres Doctorants<\/strong><\/td><td><strong>Membres en Magister<\/strong><\/td><\/tr><tr><td><strong>&nbsp;ABABOU Amina<\/strong><\/td><td>Prof.<\/td><td>&nbsp;DABOU Rachid (Magister)<\/td><td>&nbsp;DJAIL Farid (Ing\u00e9nieur)<\/td><\/tr><tr><td><strong>&nbsp;ABABOU Noureddine<\/strong><\/td><td>MCA<\/td><td>&nbsp;YOUYOU Arezki (Master)<\/td><td>&nbsp;BOUKHECHEM Lyazid (Ing\u00e9nieur)<\/td><\/tr><tr><td><strong>&nbsp;AIT HAMOUDA Kahina<\/strong><\/td><td>MCA<\/td><td><\/td><td>&nbsp;MORSI Toufik (Ing\u00e9nieur)<\/td><\/tr><tr><td><strong>&nbsp;CHADLI Samir<\/strong><\/td><td>MAA<\/td><td><\/td><td><\/td><\/tr><\/tbody><\/table><\/figure>\n\n\n\n<ul>\n<li><strong><a href=\"http:\/\/193.194.89.126\/lins\/spip.php?article27\">Amina ABABOU<\/a><\/strong><br><small>18 avril 2010, par Mr.&nbsp;Atari<\/small> USTHB&nbsp;: Faculty of Electronics and Computers BO.Box&nbsp;: 32, Bab-Ezzouar, 16111, Algiers, Algeria. Email&nbsp;: ababou.am@gmail.com, BIOGRAPHIE Francais&nbsp;: Amina Ababou est n\u00e9 en 1959 \u00e0 Tebessa, Alg\u00e9rie. Elle obtient le Dipl\u00f4me d\u2019Etudes Sup\u00e9rieures (DES) en 1982 de l\u2019USTHB en Physique du Solide puis le DEA en Physique des Mat\u00e9riaux de l\u2019Universit\u00e9 Claude Bernard de Lyon, France. Apr\u00e8s trois ann\u00e9es de recherche consacr\u00e9es aux \u00e9tudes des propri\u00e9t\u00e9s \u00e9lectriques et optiques des alliages de silicium, elle&nbsp;(&#8230;)<\/li>\n<\/ul>\n","protected":false},"excerpt":{"rendered":"<p>&nbsp;RESPONSABLE DE L\u2019EQUIPE BDSD ABABOU Amina Professeur en Physique&nbsp; &nbsp;EQUIPE BDSD&nbsp;: Biom\u00e9canique, Dispositifs \u00e0 Semiconducteurs et Didactique L\u2019\u00e9quipe BDSD (Biom\u00e9canique, Dispositifs \u00e0 Semiconducteurs et Didactique) active principalement dans les techniques de la biom\u00e9canique li\u00e9es au sport de haut niveau de <span class=\"readmore\"><a href=\"https:\/\/lins.usthb.dz\/index.php\/equipe-biomecanique-dispositifs-a-semiconducteurs-et-didactique\/\">Continue Reading<\/a><\/span><\/p>\n","protected":false},"author":1,"featured_media":108,"parent":0,"menu_order":0,"comment_status":"closed","ping_status":"closed","template":"","meta":[],"_links":{"self":[{"href":"https:\/\/lins.usthb.dz\/index.php\/wp-json\/wp\/v2\/pages\/40"}],"collection":[{"href":"https:\/\/lins.usthb.dz\/index.php\/wp-json\/wp\/v2\/pages"}],"about":[{"href":"https:\/\/lins.usthb.dz\/index.php\/wp-json\/wp\/v2\/types\/page"}],"author":[{"embeddable":true,"href":"https:\/\/lins.usthb.dz\/index.php\/wp-json\/wp\/v2\/users\/1"}],"replies":[{"embeddable":true,"href":"https:\/\/lins.usthb.dz\/index.php\/wp-json\/wp\/v2\/comments?post=40"}],"version-history":[{"count":2,"href":"https:\/\/lins.usthb.dz\/index.php\/wp-json\/wp\/v2\/pages\/40\/revisions"}],"predecessor-version":[{"id":118,"href":"https:\/\/lins.usthb.dz\/index.php\/wp-json\/wp\/v2\/pages\/40\/revisions\/118"}],"wp:featuredmedia":[{"embeddable":true,"href":"https:\/\/lins.usthb.dz\/index.php\/wp-json\/wp\/v2\/media\/108"}],"wp:attachment":[{"href":"https:\/\/lins.usthb.dz\/index.php\/wp-json\/wp\/v2\/media?parent=40"}],"curies":[{"name":"wp","href":"https:\/\/api.w.org\/{rel}","templated":true}]}}