{"id":38,"date":"2024-03-04T09:51:36","date_gmt":"2024-03-04T09:51:36","guid":{"rendered":"http:\/\/193.194.89.189\/lins_wp\/?page_id=38"},"modified":"2025-01-21T12:33:54","modified_gmt":"2025-01-21T12:33:54","slug":"equipe-instrumentation-biomedicale","status":"publish","type":"page","link":"https:\/\/lins.usthb.dz\/index.php\/equipe-instrumentation-biomedicale\/","title":{"rendered":"\u00c9quipe Instrumentation Biom\u00e9dicale"},"content":{"rendered":"\n<h1><\/h1>\n\n\n\n<p><strong>&nbsp;RESPONSABLE DE L\u2019EQUIPE SCSE<\/strong><\/p>\n\n\n\n<p><a href=\"http:\/\/193.194.89.126\/lins\/spip.php?article26\"><strong>TIGHIDET Malika<\/strong><\/a><\/p>\n\n\n\n<p>Ma\u00eetre Assistante A en Electronique&nbsp;<\/p>\n\n\n\n<p><strong>&nbsp;EQUIPE <\/strong>INSB<strong>&nbsp;: <\/strong>Instrumentation Biom\u00e9dicale<\/p>\n\n\n\n<p>L\u2019\u00e9quipe INSB (Instrumentation Biom\u00e9dicale) biom\u00e9dicale active principalement dans le d\u00e9veloppement d\u2019outils d\u2019aide au diagnostic et th\u00e9rapeutique en m\u00e9decine, m\u00e9decine du sport et scolaire. Aussi, l\u2019\u00e9quipe s\u2019int\u00e9resse \u00e0 la t\u00e9l\u00e9surveillance et t\u00e9l\u00e9diagnostic&nbsp;pour le suivi des personnes fragiles depuis leur domicile&nbsp;afin de r\u00e9pondre aux exigences dans les agglom\u00e9rations isol\u00e9es et cela au moyen de transmissions \u00e0 haut d\u00e9bit des informations m\u00e9dicales. L\u2019\u00e9quipe s\u2019int\u00e9resse aussi \u00e0 l\u2019\u00e9tude des diff\u00e9rentes caract\u00e9ristiques de transmission de la fibre optique comme support de transmission d\u2019information int\u00e9gration la technique de multiplexage WDM.&nbsp;En plus un aspect de l\u2019instrumentation \u00e0 base de capteurs \u00e0 fibre optique fait objet d\u2019\u00e9tudes dans cette \u00e9quipe.&nbsp;<\/p>\n\n\n\n<p><strong>&nbsp;THEMES DE RECHERCHES<\/strong><\/p>\n\n\n\n<p>&#8211;&nbsp;Acquisition et traitement du signal d\u2019activit\u00e9 cardiaque,<\/p>\n\n\n\n<p>&#8211;&nbsp;Traitement num\u00e9rique des signaux ECG,<\/p>\n\n\n\n<p>&#8211;&nbsp;Analyse d\u2019image \u00e9chographique du myocarde par recalage,<\/p>\n\n\n\n<p>&#8211;&nbsp;Compression du signal cardiaque pour la transmission RF.<\/p>\n\n\n\n<p><strong>&nbsp;COMPOSITION DE L\u2019EQUIPE SCSE<\/strong><\/p>\n\n\n\n<figure class=\"wp-block-table\"><table><tbody><tr><td><strong>Membres Permanents<\/strong><\/td><td><strong>Membres Doctorants<\/strong><\/td><td><strong>Membres en Magister<\/strong><\/td><\/tr><tr><td><strong>&nbsp;KEDIR-TALHA Malika<\/strong><\/td><td>MCA<\/td><td>&nbsp;SADI Nafissa (Magister)<\/td><td>&nbsp;BOURDJAM Omar (Ing\u00e9nieur)<\/td><\/tr><tr><td><strong>&nbsp;CHERBI Lynda<\/strong><\/td><td>MCA<\/td><td>&nbsp;MEDDOUR Cherif (Magister)<\/td><td>&nbsp;BELLALIA A\u00efssa (Ing\u00e9nieur)<\/td><\/tr><tr><td><strong>&nbsp;TIGHIDET Malika<\/strong><\/td><td>MAA<\/td><td>&nbsp;HARIZ Abdelhafid (Magister)<\/td><td>&nbsp;A\u00eft AMMEUR M-Lamine (Ing\u00e9nieur)<\/td><\/tr><tr><td><strong>&nbsp;BELLIL&nbsp;Abderahmane<\/strong><\/td><td>MAA<\/td><td>&nbsp;BAHLOUL Lyes (Master)<\/td><td><\/td><\/tr><tr><td><strong>&nbsp;TOUZENE Mohamed<\/strong><\/td><td>MAA<\/td><td>&nbsp;ZAIRI Hadjer (Master)<\/td><td><\/td><\/tr><tr><td><strong>&nbsp;OULD SLIMANE Sal\u00e9ha<\/strong><\/td><td>MAA<\/td><td>&nbsp;HADDOUCHE Issam (Master)<\/td><td><\/td><\/tr><tr><td><strong>&nbsp;LAMARA Mustapha<\/strong><\/td><td>MAA<\/td><td>&nbsp;HAMIDI Nadjib (Master)<\/td><td><\/td><\/tr><tr><td><strong>&nbsp;BOUSBIA&nbsp;Salah ASSIA<\/strong><\/td><td>MAA<\/td><td><\/td><td><\/td><\/tr><\/tbody><\/table><\/figure>\n\n\n\n<ul>\n<li><strong><a href=\"http:\/\/193.194.89.126\/lins\/spip.php?article26\">Malika TIGHIDET<\/a><\/strong><br><small>18 avril 2010, par Mr.&nbsp;Atari<\/small> USTHB&nbsp;: Faculty of Electronics and Computers BO.Box&nbsp;: 32, Bab-Ezzouar, 16111, Algiers, Algeria. Email&nbsp;: mteghidet@gmail.com, BIOGRAPHIE Francais&nbsp;: MalikaTighidet est n\u00e9e \u00e0 Alger en 1956. Elle a obtenu son dipl\u00f4med\u2019Ing\u00e9nieur en Electronique en 1979 del\u2019EcoleNationalePolytechniques d\u2019Alger. Ensuite elle poursuit des\u00e9tudespost-gradu\u00e9es \u00e0 la m\u00eame \u00e9cole o\u00f9 elle soutient brillamment undipl\u00f4medeMagister en \u00e9lectronique option&nbsp;: G\u00e9nie Biom\u00e9dical (GBM) sous ladirection duProf. Flamant. Actuellement, elle&nbsp;(&#8230;)<\/li>\n<\/ul>\n","protected":false},"excerpt":{"rendered":"<p>&nbsp;RESPONSABLE DE L\u2019EQUIPE SCSE TIGHIDET Malika Ma\u00eetre Assistante A en Electronique&nbsp; &nbsp;EQUIPE INSB&nbsp;: Instrumentation Biom\u00e9dicale L\u2019\u00e9quipe INSB (Instrumentation Biom\u00e9dicale) biom\u00e9dicale active principalement dans le d\u00e9veloppement d\u2019outils d\u2019aide au diagnostic et th\u00e9rapeutique en m\u00e9decine, m\u00e9decine du sport et scolaire. Aussi, l\u2019\u00e9quipe <span class=\"readmore\"><a href=\"https:\/\/lins.usthb.dz\/index.php\/equipe-instrumentation-biomedicale\/\">Continue Reading<\/a><\/span><\/p>\n","protected":false},"author":1,"featured_media":105,"parent":0,"menu_order":0,"comment_status":"closed","ping_status":"closed","template":"","meta":[],"_links":{"self":[{"href":"https:\/\/lins.usthb.dz\/index.php\/wp-json\/wp\/v2\/pages\/38"}],"collection":[{"href":"https:\/\/lins.usthb.dz\/index.php\/wp-json\/wp\/v2\/pages"}],"about":[{"href":"https:\/\/lins.usthb.dz\/index.php\/wp-json\/wp\/v2\/types\/page"}],"author":[{"embeddable":true,"href":"https:\/\/lins.usthb.dz\/index.php\/wp-json\/wp\/v2\/users\/1"}],"replies":[{"embeddable":true,"href":"https:\/\/lins.usthb.dz\/index.php\/wp-json\/wp\/v2\/comments?post=38"}],"version-history":[{"count":2,"href":"https:\/\/lins.usthb.dz\/index.php\/wp-json\/wp\/v2\/pages\/38\/revisions"}],"predecessor-version":[{"id":114,"href":"https:\/\/lins.usthb.dz\/index.php\/wp-json\/wp\/v2\/pages\/38\/revisions\/114"}],"wp:featuredmedia":[{"embeddable":true,"href":"https:\/\/lins.usthb.dz\/index.php\/wp-json\/wp\/v2\/media\/105"}],"wp:attachment":[{"href":"https:\/\/lins.usthb.dz\/index.php\/wp-json\/wp\/v2\/media?parent=38"}],"curies":[{"name":"wp","href":"https:\/\/api.w.org\/{rel}","templated":true}]}}