{"id":36,"date":"2024-03-04T09:50:32","date_gmt":"2024-03-04T09:50:32","guid":{"rendered":"http:\/\/193.194.89.189\/lins_wp\/?page_id=36"},"modified":"2025-01-21T12:32:49","modified_gmt":"2025-01-21T12:32:49","slug":"equipe-instrumentation-electronique-et-metrologie","status":"publish","type":"page","link":"https:\/\/lins.usthb.dz\/index.php\/equipe-instrumentation-electronique-et-metrologie\/","title":{"rendered":"\u00c9quipe Instrumentation \u00c9lectronique et M\u00e9trologie"},"content":{"rendered":"\n<p><strong>RESPONSABLE DE L\u2019EQUIPE INSEM<\/strong><\/p>\n\n\n\n<p><a href=\"http:\/\/www.lins.usthb.dz\/spip.php?article80\"><strong>ATTARI Mokhtar<\/strong><\/a><\/p>\n\n\n\n<p>Professeur en Electronique&nbsp;<\/p>\n\n\n\n<p><strong>&nbsp;EQUIPE INSEM&nbsp;: Instrumentation Electronique et M\u00e9trologie<\/strong><\/p>\n\n\n\n<p>L\u2019\u00e9quipe INSEM (INStrumentation \u00c9lectronique et M\u00e9trologie) s\u2019int\u00e9resse au d\u00e9veloppement de capteurs et d\u2019instruments de mesures pour l\u2019industrie, le biom\u00e9dical, l\u2019environnement, le b\u00e2timent et l\u2019agriculture. En effet, l\u2019\u00e9quipe est \u00e0 vocation exp\u00e9rimentale et ax\u00e9e d\u2019une part sur le d\u00e9veloppement de circuits \u00e9lectroniques analogique et num\u00e9rique et d\u2019autre part sur la conception, la mod\u00e9lisation, la r\u00e9alisation et le calibrage de capteurs d\u00e9di\u00e9s principalement pour l\u2019exploration et la th\u00e9rapie m\u00e9dicale et les applications industrielles et environnementales. &nbsp;<\/p>\n\n\n\n<p><strong>&nbsp;THEMES DE RECHERCHES<\/strong><\/p>\n\n\n\n<ul>\n<li>M\u00e9trologie des capteurs et des instruments,<\/li>\n<\/ul>\n\n\n\n<ul>\n<li>Mod\u00e9lisation, conception et mise en \u0153uvre de capteurs,<\/li>\n<\/ul>\n\n\n\n<ul>\n<li>Conception de circuits en technologie submicronique,<\/li>\n<\/ul>\n\n\n\n<ul>\n<li>Mesures acoustiques et technologie des vibrations industrielles.<\/li>\n<\/ul>\n\n\n\n<ul>\n<li>Instrumentation de conditionnement \u00e0 faible bruit et calibrage intelligent,<\/li>\n<\/ul>\n\n\n\n<ul>\n<li>Instrumentation \u00e0 base de microsyst\u00e8mes embarqu\u00e9s et r\u00e9seaux de capteurs,<\/li>\n<\/ul>\n\n\n\n<ul>\n<li>Instrumentation mobile de recueil de signaux physiologiques,<\/li>\n<\/ul>\n\n\n\n<ul>\n<li>Instrumentation par ultrasons de diagnostic et contr\u00f4le non destructif,<\/li>\n<\/ul>\n\n\n\n<ul>\n<li>Syst\u00e8mes m\u00e9catroniques pour la r\u00e9habilitation des membres inf\u00e9rieurs,<\/li>\n<\/ul>\n\n\n\n<p><strong>&nbsp;COMPOSITION DE L\u2019EQUIPE INSEM<\/strong><\/p>\n\n\n\n<figure class=\"wp-block-table\"><table><tbody><tr><td><strong>Membres Permanents<\/strong><\/td><td><strong>Membres Doctorants<\/strong><\/td><td><strong>Membres en Magister<\/strong><\/td><\/tr><tr><td><strong>&nbsp;ATTARI Mokhtar<\/strong><\/td><td>PR.<\/td><td>&nbsp;SAADI Hyem<\/td><td>Magister RA<\/td><td>&nbsp;FARHAT Nawal<\/td><td>Ing\u00e9nieur<\/td><\/tr><tr><td><strong>&nbsp;REMRAM Youcef<\/strong><\/td><td>MCA<\/td><td>&nbsp;ZEGHOUANE Imene<\/td><td>Magister IE<\/td><td>&nbsp;BENTAFAT Fatiha<\/td><td>Ing\u00e9nieur<\/td><\/tr><tr><td><strong>&nbsp;ESCID Hammoudi<\/strong><\/td><td>MCA<\/td><td>&nbsp;GUENDOUZI Fatima<\/td><td>Master UJ<\/td><td>&nbsp;DIB Wassila<\/td><td>Ing\u00e9nieur<\/td><\/tr><tr><td><strong>&nbsp;BOUKHENOUS Samir<\/strong><\/td><td>MCA<\/td><td>&nbsp;BENBAKHTI Anwar<\/td><td>Master I2E<\/td><td>&nbsp;ASSEM Houria<\/td><td>Ing\u00e9nieur<\/td><\/tr><tr><td><strong>&nbsp;MAOUCHE Amine Riad<\/strong><\/td><td>MCB<\/td><td>&nbsp;TOUCHEN Adel<\/td><td>Master I2E<\/td><td>&nbsp;DJEMA\u00cf Toufik<\/td><td>Ing\u00e9nieur<\/td><\/tr><tr><td><strong>&nbsp;TOUZENE Hakim<\/strong><\/td><td>MAA<\/td><td>&nbsp;KASSOU Koce\u00efla<\/td><td>Master I2E<\/td><td>&nbsp;BOUSSOUFA Ahmad<\/td><td>Ing\u00e9nieur<\/td><\/tr><tr><td><strong>&nbsp;FERROUKHI Merzak<\/strong><\/td><td>MAA<\/td><td>&nbsp;SALHI Sonia<\/td><td>Master I2E<\/td><td>&nbsp;<\/td><td>&nbsp;<\/td><\/tr><tr><td><strong>&nbsp;MEZIANE Nac\u00e9ra<\/strong><\/td><td>MAB<\/td><td>&nbsp;ZIZOUA Ch\u00e9rif<\/td><td>Master I2E<\/td><td>&nbsp;<\/td><td>&nbsp;<\/td><\/tr><tr><td><strong>&nbsp;BENREKIA Fay\u00e7al<\/strong><\/td><td>MAB<\/td><td>&nbsp;<\/td><td>&nbsp;<\/td><td>&nbsp;<\/td><td>&nbsp;<\/td><\/tr><tr><td><strong>&nbsp;MAAZOUZ Mohamed<\/strong><\/td><td>MAB<\/td><td>&nbsp;<\/td><td>&nbsp;<\/td><td>&nbsp;<\/td><td>&nbsp;<\/td><\/tr><\/tbody><\/table><\/figure>\n\n\n\n<ul>\n<li><strong><a href=\"http:\/\/193.194.89.126\/lins\/spip.php?article80\">Mokhtar ATTARI<\/a><\/strong><br><small>29 d\u00e9cembre 2011, par Mr.&nbsp;Atari<\/small> USTHB&nbsp;: Faculty of Electronics and Computers BO.Box&nbsp;: 32, Bab-Ezzouar, 16111, Algiers, Algeria. T\u00e9l.\/Fax.&nbsp;: +213 (0) 21-207664 Email&nbsp;: attari.mo@gmail.com BIOGRAPHIE Francais&nbsp;: Mokhtar Attari a obtenu le dipl\u00f4me d\u2019ing\u00e9nieur en \u00e9lectronique de l\u2019Ecole Nationale Polytechniques d\u2019Alger en 1985. Il obtient son DEA (Major de promotion) en 1987 et le Doctorat en 1991 en Instrumentation et Mesures de l\u2019Universit\u00e9 Joseph Fourier et de l\u2019INPG, Grenoble, France. Apr\u00e8s un examen national sur travaux, il&nbsp;(&#8230;)<\/li>\n<\/ul>\n\n\n\n<p><\/p>\n","protected":false},"excerpt":{"rendered":"<p>RESPONSABLE DE L\u2019EQUIPE INSEM ATTARI Mokhtar Professeur en Electronique&nbsp; &nbsp;EQUIPE INSEM&nbsp;: Instrumentation Electronique et M\u00e9trologie L\u2019\u00e9quipe INSEM (INStrumentation \u00c9lectronique et M\u00e9trologie) s\u2019int\u00e9resse au d\u00e9veloppement de capteurs et d\u2019instruments de mesures pour l\u2019industrie, le biom\u00e9dical, l\u2019environnement, le b\u00e2timent et l\u2019agriculture. En <span class=\"readmore\"><a href=\"https:\/\/lins.usthb.dz\/index.php\/equipe-instrumentation-electronique-et-metrologie\/\">Continue Reading<\/a><\/span><\/p>\n","protected":false},"author":1,"featured_media":106,"parent":0,"menu_order":0,"comment_status":"closed","ping_status":"closed","template":"","meta":[],"_links":{"self":[{"href":"https:\/\/lins.usthb.dz\/index.php\/wp-json\/wp\/v2\/pages\/36"}],"collection":[{"href":"https:\/\/lins.usthb.dz\/index.php\/wp-json\/wp\/v2\/pages"}],"about":[{"href":"https:\/\/lins.usthb.dz\/index.php\/wp-json\/wp\/v2\/types\/page"}],"author":[{"embeddable":true,"href":"https:\/\/lins.usthb.dz\/index.php\/wp-json\/wp\/v2\/users\/1"}],"replies":[{"embeddable":true,"href":"https:\/\/lins.usthb.dz\/index.php\/wp-json\/wp\/v2\/comments?post=36"}],"version-history":[{"count":2,"href":"https:\/\/lins.usthb.dz\/index.php\/wp-json\/wp\/v2\/pages\/36\/revisions"}],"predecessor-version":[{"id":113,"href":"https:\/\/lins.usthb.dz\/index.php\/wp-json\/wp\/v2\/pages\/36\/revisions\/113"}],"wp:featuredmedia":[{"embeddable":true,"href":"https:\/\/lins.usthb.dz\/index.php\/wp-json\/wp\/v2\/media\/106"}],"wp:attachment":[{"href":"https:\/\/lins.usthb.dz\/index.php\/wp-json\/wp\/v2\/media?parent=36"}],"curies":[{"name":"wp","href":"https:\/\/api.w.org\/{rel}","templated":true}]}}