{"id":34,"date":"2024-03-04T09:49:29","date_gmt":"2024-03-04T09:49:29","guid":{"rendered":"http:\/\/193.194.89.189\/lins_wp\/?page_id=34"},"modified":"2025-01-21T11:13:31","modified_gmt":"2025-01-21T11:13:31","slug":"equipe-instrumentation-electronique-rapide","status":"publish","type":"page","link":"https:\/\/lins.usthb.dz\/index.php\/equipe-instrumentation-electronique-rapide\/","title":{"rendered":"\u00c9quipe Instrumentation \u00c9lectronique Rapide"},"content":{"rendered":"\n<p><strong>RESPONSABLE DE L\u2019EQUIPE INSER<\/strong><\/p>\n\n\n\n<p><a href=\"http:\/\/193.194.89.126\/lins\/spip.php?article31\"><strong>HARAOUBIA Brahim<\/strong><\/a><\/p>\n\n\n\n<p>Professeur en Electronique&nbsp;<\/p>\n\n\n\n<p><strong>&nbsp;EQUIPE INSER&nbsp;: Instrumentation Electronique Rapide<\/strong><\/p>\n\n\n\n<p>L\u2019\u00e9quipe INSR (INStrumentation Rapide) active principalement pour la ma\u00eetrise des techniques en haute fr\u00e9quence. Les axes de recherche concernent plus particuli\u00e8rement toute la bande de fr\u00e9quence allant du Mhz jusqu\u2019\u00e0 la dizaine de GHz. Dans la gamme VHF-UHF il est question de mise en \u0153uvre de nouveaux dispositifs de mesure et de caract\u00e9risation. Dans la gamme plus haute en fr\u00e9quence, l\u2019int\u00e9r\u00eat est port\u00e9 sur la mod\u00e9lisation et la simulation de dispositifs microondes et le mise au point de nouvelles m\u00e9thodologies de mod\u00e9lisations. La caract\u00e9risation de mat\u00e9riaux int\u00e9resse aussi bien la partie basse de bande de fr\u00e9quence que la bande haute. Dans la partie haute de la bande de fr\u00e9quence, un int\u00e9r\u00eat particulier est r\u00e9serv\u00e9 aux mat\u00e9riaux chiraux. Des \u00e9tudes sur le comportement de la propagation du signal dans l\u2019atmosph\u00e8re sont \u00e9galement prises en charge dans l\u2019objectif d\u2019optimiser une transmission en t\u00e9l\u00e9communication sans fils.&nbsp;<\/p>\n\n\n\n<p><strong>&nbsp;THEMES DE RECHERCHES<\/strong><\/p>\n\n\n\n<p>&#8211;&nbsp;Mise en \u0153uvre de nouveaux dispositifs&nbsp;de mesure et caract\u00e9risation,<\/p>\n\n\n\n<p>&#8211;&nbsp;Mod\u00e9lisation et simulation de dispositifs passifs en micro-onde,<\/p>\n\n\n\n<p>&#8211;&nbsp;Mod\u00e9lisation et caract\u00e9risation de mat\u00e9riaux absorbants,<\/p>\n\n\n\n<p>&#8211;&nbsp;Etude et optimisation du canal de transmission radio\u00e9lectrique.<\/p>\n\n\n\n<p><strong>&nbsp;COMPOSITION DE L\u2019EQUIPE INSER<\/strong><\/p>\n\n\n\n<figure class=\"wp-block-table\"><table><tbody><tr><td><strong>&nbsp;Membres Permanents<\/strong><\/td><td><strong>Membres Doctorants<\/strong><\/td><td><strong>Membres en Magister<\/strong><\/td><\/tr><tr><td><strong>&nbsp;HARAOUBIA Brahim<\/strong><\/td><td>Prof.<\/td><td>&nbsp;BOUALEG Samira (Magister)<\/td><td>&nbsp;EL AFENDI Med Mounkid (Master)<\/td><\/tr><tr><td><strong>&nbsp;<\/strong><strong>OUSSA\u00cfD Rachid<\/strong><\/td><td>Prof.<\/td><td>&nbsp;BACHARI Sid Ahmed (Magister)<\/td><td>&nbsp;ZERFAINE&nbsp;Abdelkader (Master)<\/td><\/tr><tr><td><strong>&nbsp;TELLACHE Mohamed<\/strong><\/td><td>MCA<\/td><td>&nbsp;AMMAR MOUHOUB Siham (Magister)<\/td><td>&nbsp;BENSLIMANE&nbsp;Madjid (Master)<\/td><\/tr><tr><td><strong>&nbsp;LAMHENE Youcef<\/strong><\/td><td>MCA<\/td><td>&nbsp;KASMI Ouahiba (Magister)<\/td><td><\/td><\/tr><tr><td><strong>&nbsp;BELA\u00cfD Leila<\/strong><\/td><td>MAA<\/td><td><\/td><td><\/td><\/tr><tr><td><strong>&nbsp;BOUTRIA Mohamed<\/strong><\/td><td>MAA<\/td><td><\/td><td><\/td><\/tr><\/tbody><\/table><\/figure>\n\n\n\n<ul>\n<li><strong><a href=\"http:\/\/193.194.89.126\/lins\/spip.php?article31\">Brahim HARAOUBIA<\/a><\/strong><br><small>29 d\u00e9cembre 2011, par Mr.&nbsp;Atari<\/small> Normal 0 21 false false false MicrosoftInternetExplorer4 &lt;&nbsp;![endif]\u2014&gt; &lt;&nbsp;![endif]\u2014&gt; st1&nbsp;:*behavior:url(#ieooui) &lt;&nbsp;![endif]\u2014&gt; \/* Style Definitions *\/ table.MsoNormalTable mso-style-name&nbsp;:&#8221;Tableau Normal&#8221;&nbsp;; mso-tstyle-rowband-size:0&nbsp;; mso-tstyle-colband-size:0&nbsp;; mso-style-noshow:yes&nbsp;; mso-style-parent&nbsp;:&#8221;&#8221;&nbsp;; mso-padding-alt:0cm 5.4pt 0cm 5.4pt&nbsp;; mso-para-margin:0cm&nbsp;; mso-para-margin-bottom&nbsp;:.0001pt&nbsp;; mso-pagination:widow-orphan&nbsp;; font-size:10.0pt&nbsp;; font-family&nbsp;:&#8221;Times New&nbsp;(&#8230;)<\/li>\n<\/ul>\n","protected":false},"excerpt":{"rendered":"<p>RESPONSABLE DE L\u2019EQUIPE INSER HARAOUBIA Brahim Professeur en Electronique&nbsp; &nbsp;EQUIPE INSER&nbsp;: Instrumentation Electronique Rapide L\u2019\u00e9quipe INSR (INStrumentation Rapide) active principalement pour la ma\u00eetrise des techniques en haute fr\u00e9quence. Les axes de recherche concernent plus particuli\u00e8rement toute la bande de fr\u00e9quence <span class=\"readmore\"><a href=\"https:\/\/lins.usthb.dz\/index.php\/equipe-instrumentation-electronique-rapide\/\">Continue Reading<\/a><\/span><\/p>\n","protected":false},"author":1,"featured_media":107,"parent":0,"menu_order":0,"comment_status":"closed","ping_status":"closed","template":"","meta":[],"_links":{"self":[{"href":"https:\/\/lins.usthb.dz\/index.php\/wp-json\/wp\/v2\/pages\/34"}],"collection":[{"href":"https:\/\/lins.usthb.dz\/index.php\/wp-json\/wp\/v2\/pages"}],"about":[{"href":"https:\/\/lins.usthb.dz\/index.php\/wp-json\/wp\/v2\/types\/page"}],"author":[{"embeddable":true,"href":"https:\/\/lins.usthb.dz\/index.php\/wp-json\/wp\/v2\/users\/1"}],"replies":[{"embeddable":true,"href":"https:\/\/lins.usthb.dz\/index.php\/wp-json\/wp\/v2\/comments?post=34"}],"version-history":[{"count":2,"href":"https:\/\/lins.usthb.dz\/index.php\/wp-json\/wp\/v2\/pages\/34\/revisions"}],"predecessor-version":[{"id":111,"href":"https:\/\/lins.usthb.dz\/index.php\/wp-json\/wp\/v2\/pages\/34\/revisions\/111"}],"wp:featuredmedia":[{"embeddable":true,"href":"https:\/\/lins.usthb.dz\/index.php\/wp-json\/wp\/v2\/media\/107"}],"wp:attachment":[{"href":"https:\/\/lins.usthb.dz\/index.php\/wp-json\/wp\/v2\/media?parent=34"}],"curies":[{"name":"wp","href":"https:\/\/api.w.org\/{rel}","templated":true}]}}