{"id":16,"date":"2024-03-04T09:11:07","date_gmt":"2024-03-04T09:11:07","guid":{"rendered":"http:\/\/193.194.89.189\/lins_wp\/?page_id=16"},"modified":"2025-02-02T09:56:06","modified_gmt":"2025-02-02T09:56:06","slug":"equipes-de-recherche","status":"publish","type":"page","link":"https:\/\/lins.usthb.dz\/index.php\/equipes-de-recherche\/","title":{"rendered":"\u00c9quipes de Recherche"},"content":{"rendered":"\n<p><a href=\"https:\/\/lins.usthb.dz\/index.php\/equipe-energies-renouvelables-et-efficacite-energetique-eeree\/\">\u00c9quipe \u00c9nergies Renouvelables et Efficacit\u00e9 \u00c9nerg\u00e9tique (EEREE)<\/a><\/p>\n\n\n\n<p><a href=\"http:\/\/193.194.89.189\/lins_wp\/index.php\/equipe-systemes-radio-frequences-et-microondes\/\">\u00c9quipe Syst\u00e8mes Radio Fr\u00e9quences et Microondes<\/a><\/p>\n\n\n\n<p><a href=\"http:\/\/193.194.89.189\/lins_wp\/index.php\/equipe-biomecanique-dispositifs-a-semiconducteurs-et-didactique\/\">\u00c9quipe Biom\u00e9canique, Dispositifs \u00e0 Semiconducteurs et Didactique<\/a><\/p>\n\n\n\n<p><a href=\"http:\/\/193.194.89.189\/lins_wp\/index.php\/equipe-instrumentation-biomedicale\/\">\u00c9quipe Instrumentation Biom\u00e9dicale<\/a><\/p>\n\n\n\n<p><a href=\"http:\/\/193.194.89.189\/lins_wp\/index.php\/equipe-instrumentation-electronique-et-metrologie\/\">\u00c9quipe Instrumentation \u00c9lectronique et M\u00e9trologie<\/a><\/p>\n\n\n\n<p><a href=\"http:\/\/193.194.89.189\/lins_wp\/index.php\/equipe-instrumentation-electronique-rapide\/\">\u00c9quipe Instrumentation \u00c9lectronique Rapide<\/a><\/p>\n","protected":false},"excerpt":{"rendered":"<p>\u00c9quipe \u00c9nergies Renouvelables et Efficacit\u00e9 \u00c9nerg\u00e9tique (EEREE) \u00c9quipe Syst\u00e8mes Radio Fr\u00e9quences et Microondes \u00c9quipe Biom\u00e9canique, Dispositifs \u00e0 Semiconducteurs et Didactique \u00c9quipe Instrumentation Biom\u00e9dicale \u00c9quipe Instrumentation \u00c9lectronique et M\u00e9trologie \u00c9quipe Instrumentation \u00c9lectronique Rapide<\/p>\n","protected":false},"author":1,"featured_media":0,"parent":0,"menu_order":0,"comment_status":"closed","ping_status":"closed","template":"","meta":[],"_links":{"self":[{"href":"https:\/\/lins.usthb.dz\/index.php\/wp-json\/wp\/v2\/pages\/16"}],"collection":[{"href":"https:\/\/lins.usthb.dz\/index.php\/wp-json\/wp\/v2\/pages"}],"about":[{"href":"https:\/\/lins.usthb.dz\/index.php\/wp-json\/wp\/v2\/types\/page"}],"author":[{"embeddable":true,"href":"https:\/\/lins.usthb.dz\/index.php\/wp-json\/wp\/v2\/users\/1"}],"replies":[{"embeddable":true,"href":"https:\/\/lins.usthb.dz\/index.php\/wp-json\/wp\/v2\/comments?post=16"}],"version-history":[{"count":8,"href":"https:\/\/lins.usthb.dz\/index.php\/wp-json\/wp\/v2\/pages\/16\/revisions"}],"predecessor-version":[{"id":120,"href":"https:\/\/lins.usthb.dz\/index.php\/wp-json\/wp\/v2\/pages\/16\/revisions\/120"}],"wp:attachment":[{"href":"https:\/\/lins.usthb.dz\/index.php\/wp-json\/wp\/v2\/media?parent=16"}],"curies":[{"name":"wp","href":"https:\/\/api.w.org\/{rel}","templated":true}]}}