{"id":125,"date":"2025-02-02T10:04:21","date_gmt":"2025-02-02T10:04:21","guid":{"rendered":"https:\/\/lins.usthb.dz\/?page_id=125"},"modified":"2025-02-03T11:00:42","modified_gmt":"2025-02-03T11:00:42","slug":"evenements","status":"publish","type":"page","link":"https:\/\/lins.usthb.dz\/index.php\/evenements\/","title":{"rendered":"Ev\u00e8nements"},"content":{"rendered":"\n<h1>S\u00e9minaires du Laboratoire LINS<\/h1>\n\n\n\n<ul>\n<li><strong>WORKSHOP&nbsp;:<\/strong> <a href=\"http:\/\/www.lins.usthb.dz\/spip.php?article54\"><strong>JLINS-2012<\/strong><\/a>, 30 et 31 Octobre 2012, USTHB, Bab-Ezzouar, Alger, <a href=\"http:\/\/193.194.89.126\/IMG\/file\/CONFERENCES\/Call-Papers_JLINS-2012(2).pdf\"><strong>CALL FOR PAPERS<\/strong><\/a>, <a href=\"http:\/\/193.194.89.126\/IMG\/file\/CONFERENCES\/JLINS-2012_TEMPLATE.doc\"><strong>TEMPLATE<\/strong><\/a>.<\/li>\n<\/ul>\n\n\n\n<ul>\n<li>Proceedings des <strong>JLINS\/2010<\/strong>, 25 et 26 Octobre 2010, LINS-USTHB, 2010,<strong> <\/strong><a href=\"http:\/\/193.194.89.126\/IMG\/file\/CONFERENCES\/Recueil_Resumes_WEB.pdf\"><strong>RESUME<\/strong><\/a>.<\/li>\n<\/ul>\n\n\n\n<ul>\n<li>Proceedings des <strong>JLINS\/2007<\/strong>, 30 et 31 Octobre 2007, LINS-USTHB, 2007, 218p. <strong>PROCEEDING&nbsp;: <a href=\"http:\/\/193.194.89.126\/IMG\/file\/CONFERENCES\/JLINS-2007001.zip\">PART1<\/a>, <a href=\"http:\/\/193.194.89.126\/IMG\/file\/CONFERENCES\/JLINS-2007002.zip\">PART2<\/a>, <a href=\"http:\/\/193.194.89.126\/IMG\/file\/CONFERENCES\/JLINS-2007003.zip\">PART3.<\/a><\/strong><\/li>\n<\/ul>\n\n\n\n<h1>Conf\u00e9rences Internationales Locales<\/h1>\n\n\n\n<ul>\n<li><strong><a href=\"http:\/\/193.194.89.126\/lins\/spip.php?article57\">Nouvel article<\/a><\/strong><br><small>22 avril 2010, par Mr.&nbsp;Atari<\/small><\/li>\n<\/ul>\n\n\n\n<h1>Conferences Internationales<\/h1>\n\n\n\n<p><strong>Conf\u00e9rences Internationales<\/strong><\/p>\n\n\n\n<ul>\n<li><strong><a href=\"http:\/\/193.194.89.126\/lins\/spip.php?article74\">Nouvel article<\/a><\/strong><br><small>21 septembre 2010, par Mr.&nbsp;Atari<\/small><\/li>\n<\/ul>\n","protected":false},"excerpt":{"rendered":"<p>S\u00e9minaires du Laboratoire LINS Conf\u00e9rences Internationales Locales Conferences Internationales Conf\u00e9rences Internationales<\/p>\n","protected":false},"author":1,"featured_media":0,"parent":0,"menu_order":0,"comment_status":"closed","ping_status":"closed","template":"","meta":[],"_links":{"self":[{"href":"https:\/\/lins.usthb.dz\/index.php\/wp-json\/wp\/v2\/pages\/125"}],"collection":[{"href":"https:\/\/lins.usthb.dz\/index.php\/wp-json\/wp\/v2\/pages"}],"about":[{"href":"https:\/\/lins.usthb.dz\/index.php\/wp-json\/wp\/v2\/types\/page"}],"author":[{"embeddable":true,"href":"https:\/\/lins.usthb.dz\/index.php\/wp-json\/wp\/v2\/users\/1"}],"replies":[{"embeddable":true,"href":"https:\/\/lins.usthb.dz\/index.php\/wp-json\/wp\/v2\/comments?post=125"}],"version-history":[{"count":4,"href":"https:\/\/lins.usthb.dz\/index.php\/wp-json\/wp\/v2\/pages\/125\/revisions"}],"predecessor-version":[{"id":142,"href":"https:\/\/lins.usthb.dz\/index.php\/wp-json\/wp\/v2\/pages\/125\/revisions\/142"}],"wp:attachment":[{"href":"https:\/\/lins.usthb.dz\/index.php\/wp-json\/wp\/v2\/media?parent=125"}],"curies":[{"name":"wp","href":"https:\/\/api.w.org\/{rel}","templated":true}]}}