{"id":121,"date":"2025-02-02T09:59:31","date_gmt":"2025-02-02T09:59:31","guid":{"rendered":"https:\/\/lins.usthb.dz\/?page_id=121"},"modified":"2025-02-03T09:24:27","modified_gmt":"2025-02-03T09:24:27","slug":"telechargement","status":"publish","type":"page","link":"https:\/\/lins.usthb.dz\/index.php\/telechargement\/","title":{"rendered":"T\u00e9l\u00e9chargement"},"content":{"rendered":"\n<p>T\u00e9l\u00e9chargement de Documents&nbsp;:<\/p>\n\n\n\n<p><img decoding=\"async\" loading=\"lazy\" src=\"http:\/\/193.194.89.126\/lins\/local\/cache-vignettes\/L8xH11\/puce-32883.gif?1557055083\" alt=\"-\" width=\"8\" height=\"11\">&nbsp;Administratifs<\/p>\n\n\n\n<p><img decoding=\"async\" loading=\"lazy\" src=\"http:\/\/193.194.89.126\/lins\/local\/cache-vignettes\/L8xH11\/puce-32883.gif?1557055083\" alt=\"-\" width=\"8\" height=\"11\">&nbsp;Scientifiques<\/p>\n\n\n\n<p><img decoding=\"async\" loading=\"lazy\" src=\"http:\/\/193.194.89.126\/lins\/local\/cache-vignettes\/L8xH11\/puce-32883.gif?1557055083\" alt=\"-\" width=\"8\" height=\"11\">&nbsp;P\u00e9dagogiques<\/p>\n\n\n\n<h2>Sous-rubriques<\/h2>\n\n\n\n<p class=\"has-text-color has-large-font-size\" style=\"color:#3b0ca8\">Th\u00e8ses Doctorat d\u2019Etat et Doctorat en Sciences<\/p>\n\n\n\n<p><strong>THESES<\/strong><\/p>\n\n\n\n<p>Doctorat d\u2019Etat et Doctorat<br><\/p>\n\n\n\n<p>(Use PDF Reader 7.0&nbsp;or Later)<\/p>\n\n\n\n<p><strong>MAOUCHE Amine Riad<\/strong><\/p>\n\n\n\n<hr class=\"wp-block-separator has-alpha-channel-opacity\"\/>\n\n\n\n<p><strong>Titre&nbsp;: <\/strong>Les \u00c9l\u00e9ments d\u2019Optimisation du Pilotage d\u2019une Machine Asynchrone en Vue d\u2019un Contr\u00f4le Vectoriel,<\/p>\n\n\n\n<p><strong>Grade&nbsp;:<\/strong> Doctorat \u00e8s Sciences <a href=\"http:\/\/www.enp.edu.dz\/\">ENPA<\/a><\/p>\n\n\n\n<p><strong>Sp\u00e9cialit\u00e9&nbsp;:<\/strong> Electrotechnique<\/p>\n\n\n\n<p><strong>Equipe de recherche&nbsp;:<\/strong> SCER<\/p>\n\n\n\n<p><strong>Date de soutenance&nbsp;:<\/strong> D\u00e9cembre 2007<\/p>\n\n\n\n<p><strong>Directeur de th\u00e8se&nbsp;:<\/strong> Prof. Rachid Ibtiouen (ENPA), Co-Directeur de th\u00e8se&nbsp;: Prof. Omar Touhami (ENPA) et Prof. Ahmad Cheriti (UQTR-Canada),<\/p>\n\n\n\n<p><strong>T\u00e9l\u00e9charger th\u00e8se&nbsp;:<\/strong> <strong>PDF<\/strong><\/p>\n\n\n\n<p><strong>BOUKHENOUS Samir<\/strong><\/p>\n\n\n\n<hr class=\"wp-block-separator has-alpha-channel-opacity\"\/>\n\n\n\n<p><strong>Titre&nbsp;:&nbsp;<\/strong>Application des techniques de mesure de forces vectorielles pour la conception de syst\u00e8mes d\u2019aides en orthop\u00e9die m\u00e9dicale et sportive,<\/p>\n\n\n\n<p><strong>Grade&nbsp;:<\/strong> Doctorat en Sciences USTHB<\/p>\n\n\n\n<p><strong>Sp\u00e9cialit\u00e9&nbsp;:<\/strong> Instrumentation Electronique<br><\/p>\n\n\n\n<p><strong>Equipe de recherche&nbsp;:<\/strong> INSEM<br><\/p>\n\n\n\n<p><strong>Date de soutenance&nbsp;:<\/strong> Janvier 2010<\/p>\n\n\n\n<p><strong>Directeur de th\u00e8se&nbsp;:<\/strong> Prof. Mokhtar Attari (USTHB),<\/p>\n\n\n\n<p><strong>T\u00e9l\u00e9charger th\u00e8se&nbsp;:<\/strong> <strong>PDF<\/strong><\/p>\n\n\n\n<p><strong>BOUHEDDA Mounir<\/strong><\/p>\n\n\n\n<hr class=\"wp-block-separator has-alpha-channel-opacity\"\/>\n\n\n\n<p><strong>Titre&nbsp;: <\/strong>Contribution \u00e0 l\u2019impl\u00e9mentation d\u2019architectures neuronales pour l\u2019am\u00e9lioration des performances des convertisseurs analogiques\/num\u00e9riques lin\u00e9aires et non-lin\u00e9aires,<\/p>\n\n\n\n<p><strong>Grade&nbsp;:<\/strong> Doctorat en Sciences USTHB<\/p>\n\n\n\n<p><strong>Sp\u00e9cialit\u00e9&nbsp;:<\/strong> Instrumentation Electronique<br><\/p>\n\n\n\n<p><strong>Equipe de recherche&nbsp;:<\/strong> INSEM<br><\/p>\n\n\n\n<p><strong>Date de soutenance&nbsp;:<\/strong> D\u00e9cembre 2008<\/p>\n\n\n\n<p><strong>Directeur de th\u00e8se&nbsp;:<\/strong> Prof. Mokhtar Attari (USTHB),<\/p>\n\n\n\n<p><strong>T\u00e9l\u00e9charger th\u00e8se&nbsp;:<\/strong> <strong>PDF<\/strong><\/p>\n\n\n\n<figure class=\"wp-block-image\"><a href=\"http:\/\/193.194.89.126\/lins\/spip.php?article49\"><img decoding=\"async\" src=\"http:\/\/193.194.89.126\/IMG\/image\/BOUTONS\/LIRE-LA-SUITE_WEB.jpg\" alt=\"\"\/><\/a><\/figure>\n\n\n\n<ul>\n<li><strong><a href=\"http:\/\/193.194.89.126\/lins\/spip.php?article77\">Suite2&nbsp;: Th\u00e8ses de Doctorat d\u2019Etat et Doctorat en Sciences<\/a><\/strong><br><small>7 f\u00e9vrier 2011, par Mr.&nbsp;Atari<\/small> TALHA Abdelaziz Titre&nbsp;: Etude de Diff\u00e9rentes Cascades de l\u2019Onduleur \u00e0 Sept Niveaux \u00e0 Structure NPC. Application \u00e0 la Conduite d\u2019une Machine Synchrone \u00e0 Aimants Permenants Grade&nbsp;: Doctorat en Sciences ENP<br>Sp\u00e9cialit\u00e9&nbsp;: Electrotechnique Equipe de recherche&nbsp;: SCSE<br>Date de soutenance&nbsp;: D\u00e9cembre 2004 Directeur de th\u00e8se&nbsp;: Prof. El Madjid Berkeuk (ENPA) et Prof. Mohamed Seghir Boucherit (ENPA) T\u00e9l\u00e9charger th\u00e8se&nbsp;: PDF OUSSA\u00cfD Rachid Titre&nbsp;: Mod\u00e9lisation des Mat\u00e9riaux&nbsp;: Influence de la&nbsp;(&#8230;)<\/li>\n\n\n\n<li><strong><a href=\"http:\/\/193.194.89.126\/lins\/spip.php?article49\">Suite1\u00a0: Th\u00e8ses de Doctorat d\u2019Etat et Doctorat en Sciences<\/a><\/strong><br><small>20 avril 2010, par Mr.\u00a0Atari<\/small> BOUKHELIFA Akila Titre\u00a0: Les \u00c9l\u00e9ments d\u2019Optimisation du Pilotage d\u2019une Machine Asynchrone en Vue d\u2019un Contr\u00f4le Vectoriel, Grade\u00a0: Doctorat \u00e8s Sciences ENPA Sp\u00e9cialit\u00e9\u00a0: Electrotechnique Equipe de recherche\u00a0: SCER Date de soutenance\u00a0: D\u00e9cembre 2007 Directeur de th\u00e8se\u00a0: Prof. Rachid Ibtiouen (ENPA), Co-Directeur de th\u00e8se\u00a0: Prof. Omar Touhami (ENPA) et Prof. Ahmad Cheriti (UQTR-Canada), T\u00e9l\u00e9charger th\u00e8se\u00a0: PDF CHERBI-BAZI Lynda Normal 0 21 false false false MicrosoftInternetExplorer4\u00a0(&#8230;)<\/li>\n<\/ul>\n\n\n\n<p class=\"has-text-color has-large-font-size\" style=\"color:#3b0ca8\">M\u00e9moires M.Sc, Eng.<\/p>\n\n\n\n<h1>Nouvel article<\/h1>\n\n\n\n<p>mardi 20 avril 2010, par <a href=\"http:\/\/193.194.89.126\/lins\/spip.php?auteur2\">Mr.&nbsp;Atari<\/a><a href=\"http:\/\/193.194.89.126\/lins\/spip.php?article52#forum\"><\/a><\/p>\n\n\n\n<h2>Messages<\/h2>\n\n\n\n<ul>\n<li><a href=\"http:\/\/193.194.89.126\/lins\/spip.php?article52#comment1\"><\/a><a href=\"http:\/\/193.194.89.126\/lins\/spip.php?article52#forum1\"><\/a> <a href=\"http:\/\/193.194.89.126\/lins\/spip.php?article52#forum1\"><small><abbr title=\"2019-10-06T09:36:24Z\">6 octobre 2019, 05:36<\/abbr>, par cdssqsqq<\/small><\/a><\/li>\n<\/ul>\n\n\n\n<h2>Un message, un commentaire&nbsp;?<\/h2>\n\n\n\n<p>Votre nomVotre adresse email<\/p>\n\n\n\n<p class=\"has-text-color has-large-font-size\" style=\"color:#3b0ca8\">Enseignement\u00a0: Graduatuion et Post-Graduation<\/p>\n\n\n\n<p><strong>Sujets de Doctorat LMD<\/strong><\/p>\n\n\n\n<hr class=\"wp-block-separator has-alpha-channel-opacity\"\/>\n\n\n\n<p><strong>Objet&nbsp;:<\/strong> Sujet Doctorat 3\u00e8me Cycle<\/p>\n\n\n\n<p><strong>Dur\u00e9 r\u00e9glementaire du Doctorat LMD&nbsp;:<\/strong> 36 mois.<\/p>\n\n\n\n<p><strong>Condition de recevabilit\u00e9 de soutenance&nbsp;: <\/strong>Publication Internationale de renomm\u00e9e, Participation aux Conf\u00e9rences<br><\/p>\n\n\n\n<p><strong>Acc\u00e8s&nbsp;:<\/strong> Concours sur dossier plus un examen oral.<\/p>\n\n\n\n<p><strong>Ann\u00e9e&nbsp;:<\/strong> 2010\/2011<\/p>\n\n\n\n<p><strong>T\u00e9l\u00e9charger&nbsp;:<\/strong> <strong>PDF<\/strong><\/p>\n\n\n\n<p><strong>Cours Graduation Second Cycle<\/strong><\/p>\n\n\n\n<hr class=\"wp-block-separator has-alpha-channel-opacity\"\/>\n\n\n\n<p><strong>Titre&nbsp;:<\/strong> Amplification des Signaux \u00e0 Faible Niveau Partie 1<\/p>\n\n\n\n<p><strong>Unit\u00e9 d\u2019Enseignement (UE)&nbsp;:<\/strong> ELF, Module&nbsp;: ELF2<\/p>\n\n\n\n<p><strong>Edition&nbsp;: <\/strong>2010<\/p>\n\n\n\n<p><strong>T\u00e9l\u00e9charger&nbsp;:<\/strong> <strong>PDF<\/strong><\/p>\n\n\n\n<p><strong>Epreuves<\/strong><\/p>\n\n\n\n<hr class=\"wp-block-separator has-alpha-channel-opacity\"\/>\n\n\n\n<p><strong>Corrig\u00e9 de l\u2019\u00e9preuve&nbsp;:<\/strong> 1 du 23 Janvier 2011, ELF2, USTHB&nbsp;2011<\/p>\n\n\n\n<p><strong>T\u00e9l\u00e9charger&nbsp;:<\/strong> <strong>PDF<\/strong><\/p>\n\n\n\n<p><strong>R\u00e9sultats d\u2019Examens<\/strong><\/p>\n\n\n\n<hr class=\"wp-block-separator has-alpha-channel-opacity\"\/>\n\n\n\n<p><strong>R\u00e9sultats&nbsp;:<\/strong> apr\u00e8s recours et rattrapage, ELF2, USTHB 2011<\/p>\n\n\n\n<p><strong>T\u00e9l\u00e9charger&nbsp;:<\/strong> <strong>PDF<\/strong><\/p>\n\n\n\n<ul>\n<li><strong><a href=\"http:\/\/193.194.89.126\/lins\/spip.php?article50\">Nouvel article<\/a><\/strong><br><small>20 avril 2010, par Mr.&nbsp;Atari<\/small><\/li>\n<\/ul>\n\n\n\n<p class=\"has-text-color has-large-font-size\" style=\"color:#3b0ca8\">Programmes Master et Doctorat<\/p>\n\n\n\n<p><strong>Affiche Master IIE<\/strong><\/p>\n\n\n\n<hr class=\"wp-block-separator has-alpha-channel-opacity\"\/>\n\n\n\n<p><strong>Titre&nbsp;: <\/strong>Ing\u00e9nierie de l\u2019Instrumentation \u00c9lectronique (IIE)<\/p>\n\n\n\n<p><strong>T\u00e9l\u00e9charger&nbsp;:<\/strong> <a href=\"http:\/\/193.194.89.126\/IMG\/file\/PROGRAMMES\/POSTER_MASTER-2IE_2010.pdf\"><strong>PDF<\/strong><\/a>.<\/p>\n\n\n\n<p><strong>Programmes des enseignements de Master<\/strong><\/p>\n\n\n\n<hr class=\"wp-block-separator has-alpha-channel-opacity\"\/>\n\n\n\n<p><strong>Titre&nbsp;:<\/strong> Ing\u00e9nierie de l\u2019Instrumentation \u00c9lectronique (IIE),<\/p>\n\n\n\n<p><strong>Responsable de la formation&nbsp;:<\/strong> Dr. Youcef REMRAM<\/p>\n\n\n\n<p><strong>T\u00e9l\u00e9charger&nbsp;:<\/strong> <a href=\"http:\/\/193.194.89.126\/IMG\/file\/PROGRAMMES\/PROGRAMME-MASTER_IIE_2010.pdf\"><strong>PDF<\/strong><\/a>.<\/p>\n\n\n\n<p><strong>Ecole Doctorale&nbsp;: G\u00e9nie Electrique<\/strong><\/p>\n\n\n\n<hr class=\"wp-block-separator has-alpha-channel-opacity\"\/>\n\n\n\n<p><strong>Option&nbsp;:<\/strong> Instrumentation \u00c9lectronique (ouverte pour l\u2019ann\u00e9e 2010\/2011)<\/p>\n\n\n\n<p><strong>Responsable de la formation Doctorale&nbsp;: <\/strong>Prof. Rachida TOUHAMI<strong><br><\/strong><\/p>\n\n\n\n<p><strong>Responsable de l\u2019option&nbsp;: <\/strong>Dr. Abdelaziz TALHA<\/p>\n\n\n\n<p><strong>Responsable de la sous-commission de formation&nbsp;: <\/strong>Dr. A. NACER<\/p>\n\n\n\n<p><strong>Vice-Doyen de la formation Post-Gradu\u00e9e&nbsp;:<\/strong> Dr. Abderrahman AMROUCHE<br><\/p>\n\n\n\n<ul>\n<li><strong><a href=\"http:\/\/193.194.89.126\/lins\/spip.php?article51\">Nouvel article<\/a><\/strong><br><small>20 avril 2010, par Mr.&nbsp;Atari<\/small><\/li>\n<\/ul>\n\n\n\n<p class=\"has-text-color has-large-font-size\" style=\"color:#3b0ca8\">Chapitres et Livres Publi\u00e9s<\/p>\n\n\n\n<p><strong>BOUKHENOUS Samir<\/strong><strong><\/strong><\/p>\n\n\n\n<hr class=\"wp-block-separator has-alpha-channel-opacity\"\/>\n\n\n\n<p><strong>Titre du chapitre&nbsp;:<\/strong> A Low Cost Instrumentation Based Sensor Array for Ankle Rehabilitation<\/p>\n\n\n\n<p><strong>Titre du livre&nbsp;:<\/strong> Biomedical Engineering Trends in Electronics, Communications and Software, 736 Pages, Janvier 2011<\/p>\n\n\n\n<p><strong>Editeur&nbsp;:<\/strong> Anthony N. Laskovski, Intech<\/p>\n\n\n\n<p><strong>T\u00e9l\u00e9charger chapitre&nbsp;:<\/strong><strong> <\/strong><a href=\"http:\/\/193.194.89.126\/IMG\/file\/LIVRES\/CHAPTER-INTECH_BOUKHENOUS.pdf\"><strong>PDF<\/strong><\/a><\/p>\n\n\n\n<p><strong>T\u00e9l\u00e9charger livre&nbsp;: <a href=\"http:\/\/www.intechopen.com\/books\/show\/title\/biomedical-engineering-trends-in-electronics-communications-and-software\">Lien<\/a><\/strong><\/p>\n\n\n\n<p><strong>MAOUCHE<\/strong><strong>Amine Riad<\/strong><\/p>\n\n\n\n<hr class=\"wp-block-separator has-alpha-channel-opacity\"\/>\n\n\n\n<p><strong>Titre du chapitre&nbsp;:<\/strong> Intelligent Control<\/p>\n\n\n\n<p><strong>Titre du livre&nbsp;:<\/strong> <a href=\"http:\/\/sciyo.com\/books\/show\/title\/motion-control?PHPSESSID=ij5hdnaakk1hq33r79o7t73bl2\"><\/a>Motion Control, 590 Pages, Janvier 2010<\/p>\n\n\n\n<p><strong>Editeur&nbsp;:<\/strong> Federico Casolo, Intech<\/p>\n\n\n\n<p><strong>T\u00e9l\u00e9charger chapitre&nbsp;:<\/strong><strong> <\/strong><a href=\"http:\/\/193.194.89.126\/IMG\/file\/LIVRES\/MAOUCHE_CHAPTER_Motion-Control.pdf\"><strong>PDF<\/strong><\/a><\/p>\n\n\n\n<p><strong>T\u00e9l\u00e9charger livre&nbsp;: <a href=\"http:\/\/www.intechopen.com\/books\/show\/title\/motion-control\">Lien<\/a><\/strong><\/p>\n\n\n\n<p><strong>OUSSA\u00cfD<\/strong><strong> Rachid<\/strong><\/p>\n\n\n\n<hr class=\"wp-block-separator has-alpha-channel-opacity\"\/>\n\n\n\n<p><strong>Titre du livre&nbsp;: <\/strong>Les Aspects de la Compatibilit\u00e9 Electromagn\u00e9tique<br><\/p>\n\n\n\n<p><strong>Editeur&nbsp;: <\/strong><a href=\"http:\/\/www.opu-dz.com\">OPU Publisher<\/a>, 221 DA (&nbsp;2 Euro), 2009, Alger<\/p>\n\n\n\n<p><strong>T\u00e9l\u00e9charger couverture&nbsp;: <\/strong><a href=\"http:\/\/193.194.89.126\/IMG\/file\/LIVRES\/Ouvrage_Oussaid.pdf\"><strong>PDF<\/strong><\/a><br><\/p>\n\n\n\n<ul>\n<li><strong><a href=\"http:\/\/193.194.89.126\/lins\/spip.php?article53\">livres<\/a><\/strong><br><small>20 avril 2010, par Mr.&nbsp;Atari<\/small><\/li>\n<\/ul>\n\n\n\n<p class=\"has-text-color has-large-font-size\" style=\"color:#3b0ca8\">Liens Web.<\/p>\n\n\n\n<ul>\n<li>FREE access to the<strong> Holy Coran<\/strong> in English, Deutsch, French, Spanish, Malaysian, Turkush, Indonesian, etc. <a href=\"http:\/\/www.quranexplorer.com\/quran\/\"><strong>ACCESS<\/strong><\/a>.<br><\/li>\n<\/ul>\n\n\n\n<ul>\n<li>FREE access to more than 2000 book chapters and journal papers. <a href=\"http:\/\/www.intechweb.org\/\"><strong>ACCESS<\/strong><\/a><br><\/li>\n<\/ul>\n\n\n\n<ul>\n<li>FREE access to <a href=\"http:\/\/www.mit.edu\"><strong>MIT<\/strong><\/a> Articles&nbsp;: Bachelor\u2019s, Engeener\u2019s, Master\u2019s, Ph.D\/Sc.D Degrees<strong>. <\/strong><strong><a href=\"http:\/\/dspace.mit.edu\">ACCESS<\/a><\/strong><\/li>\n<\/ul>\n\n\n\n<ul>\n<li>FREE access to Polystim Articles&nbsp;: Master\u2019s, Ph.D Degrees,<strong><a href=\"http:\/\/www.polymtl.ca\/polystim\/navigation\/Publications.php\">ACCESS<\/a><\/strong><\/li>\n<\/ul>\n\n\n\n<ul>\n<li>Acc\u00e8s gratuit aux th\u00e8ses et m\u00e9moires multidisciplinaire&nbsp;: Th\u00e8ses, Magister, PFE, <strong><a href=\"http:\/\/tel.archives-ouvertes.fr\">ACCES<\/a><\/strong><\/li>\n<\/ul>\n\n\n\n<ul>\n<li><strong><a href=\"http:\/\/193.194.89.126\/lins\/spip.php?article67\">LINK<\/a><\/strong><br><small>11 mai 2010, par Mr.&nbsp;Atari<\/small><\/li>\n<\/ul>\n","protected":false},"excerpt":{"rendered":"<p>T\u00e9l\u00e9chargement de Documents&nbsp;: &nbsp;Administratifs &nbsp;Scientifiques &nbsp;P\u00e9dagogiques Sous-rubriques Th\u00e8ses Doctorat d\u2019Etat et Doctorat en Sciences THESES Doctorat d\u2019Etat et Doctorat (Use PDF Reader 7.0&nbsp;or Later) MAOUCHE Amine Riad Titre&nbsp;: Les \u00c9l\u00e9ments d\u2019Optimisation du Pilotage d\u2019une Machine Asynchrone en Vue d\u2019un Contr\u00f4le <span class=\"readmore\"><a href=\"https:\/\/lins.usthb.dz\/index.php\/telechargement\/\">Continue Reading<\/a><\/span><\/p>\n","protected":false},"author":1,"featured_media":0,"parent":0,"menu_order":0,"comment_status":"closed","ping_status":"closed","template":"","meta":[],"_links":{"self":[{"href":"https:\/\/lins.usthb.dz\/index.php\/wp-json\/wp\/v2\/pages\/121"}],"collection":[{"href":"https:\/\/lins.usthb.dz\/index.php\/wp-json\/wp\/v2\/pages"}],"about":[{"href":"https:\/\/lins.usthb.dz\/index.php\/wp-json\/wp\/v2\/types\/page"}],"author":[{"embeddable":true,"href":"https:\/\/lins.usthb.dz\/index.php\/wp-json\/wp\/v2\/users\/1"}],"replies":[{"embeddable":true,"href":"https:\/\/lins.usthb.dz\/index.php\/wp-json\/wp\/v2\/comments?post=121"}],"version-history":[{"count":7,"href":"https:\/\/lins.usthb.dz\/index.php\/wp-json\/wp\/v2\/pages\/121\/revisions"}],"predecessor-version":[{"id":138,"href":"https:\/\/lins.usthb.dz\/index.php\/wp-json\/wp\/v2\/pages\/121\/revisions\/138"}],"wp:attachment":[{"href":"https:\/\/lins.usthb.dz\/index.php\/wp-json\/wp\/v2\/media?parent=121"}],"curies":[{"name":"wp","href":"https:\/\/api.w.org\/{rel}","templated":true}]}}